{"id":2826,"date":"2024-12-11T11:08:30","date_gmt":"2024-12-11T11:08:30","guid":{"rendered":"https:\/\/granadilladeabona.app\/?page_id=2826"},"modified":"2024-12-17T12:09:38","modified_gmt":"2024-12-17T12:09:38","slug":"terms-conditions","status":"publish","type":"page","link":"https:\/\/granadilladeabona.app\/de\/terms-conditions\/","title":{"rendered":"Datenschutzbestimmungen"},"content":{"rendered":"\n<p>Der Stadtrat von Granadilla de Abona stellt \u00fcber seine Internetdom\u00e4ne granadilladeabona.org Informationen von allgemeinem Interesse f\u00fcr die Stadt und die Gemeinde bereit, insbesondere \u00fcber die offiziellen Aktivit\u00e4ten des Stadtrats und der Gemeindeorganisation.<\/p>\n\n\n\n<p>Die Verarbeitung der \u00fcber granadilladeabona.org erhobenen personenbezogenen Daten erfolgt im Einklang mit den Bestimmungen der VERORDNUNG (EU) 2016\/679 DES EUROP\u00c4ISCHEN PARLAMENTS UND DES RATES vom 27. April 2016 zum Schutz nat\u00fcrlicher Personen bei der Verarbeitung personenbezogener Daten, zum freien Datenverkehr und zur Aufhebung der Richtlinie 95\/46\/EG (Datenschutz-Grundverordnung).<\/p>\n\n\n\n<p>Der Betroffene kann sein Recht auf Zugang, Berichtigung, L\u00f6schung, \u00dcbertragbarkeit, Widerspruch und Einschr\u00e4nkung der Verarbeitung seiner Daten, wie in Artikel 15 und den folgenden Artikeln des genannten Gesetzes vorgesehen, aus\u00fcben, indem er sich schriftlich an die Stadtverwaltung von Granadilla de Abona, Plaza de Gonz\u00e1lez de Mena s\/n, 38600, Granadilla de Abona, Santa Cruz de Tenerife, oder an die E-Mail-Adresse des Datenschutzbeauftragten wendet: <strong>dpd.granadilladeabona@seguridadinformacion.com<\/strong><\/p>\n\n\n\n<p>Stadtverwaltung Granadilla de Abona<\/p>\n\n\n\n<p>CIF P3801700J<br>Plaza de Gonz\u00e1lez de Mena s\/n,<\/p>\n\n\n\n<p>38600, Granadilla de Abona, Santa Cruz de Tenerife<br>Tel. +34 922 759 900 (010 aus dem Festnetz oder vom Handy innerhalb der Gemeinde)<\/p>\n","protected":false},"excerpt":{"rendered":"<p>Der Stadtrat von Granadilla de Abona stellt \u00fcber seine Internetdom\u00e4ne granadilladeabona.org Informationen von allgemeinem Interesse f\u00fcr die Stadt und die Gemeinde bereit, insbesondere \u00fcber die offiziellen Aktivit\u00e4ten des Stadtrats und der Gemeindeorganisation. Die Verarbeitung der \u00fcber granadilladeabona.org erhobenen personenbezogenen Daten erfolgt im Einklang mit den Bestimmungen der VERORDNUNG (EU) 2016\/679 DES EUROP\u00c4ISCHEN PARLAMENTS UND DES [&hellip;]<\/p>\n","protected":false},"author":2,"featured_media":0,"parent":0,"menu_order":0,"comment_status":"closed","ping_status":"closed","template":"","meta":{"footnotes":""},"class_list":["post-2826","page","type-page","status-publish","hentry"],"_links":{"self":[{"href":"https:\/\/granadilladeabona.app\/de\/wp-json\/wp\/v2\/pages\/2826","targetHints":{"allow":["GET"]}}],"collection":[{"href":"https:\/\/granadilladeabona.app\/de\/wp-json\/wp\/v2\/pages"}],"about":[{"href":"https:\/\/granadilladeabona.app\/de\/wp-json\/wp\/v2\/types\/page"}],"author":[{"embeddable":true,"href":"https:\/\/granadilladeabona.app\/de\/wp-json\/wp\/v2\/users\/2"}],"replies":[{"embeddable":true,"href":"https:\/\/granadilladeabona.app\/de\/wp-json\/wp\/v2\/comments?post=2826"}],"version-history":[{"count":2,"href":"https:\/\/granadilladeabona.app\/de\/wp-json\/wp\/v2\/pages\/2826\/revisions"}],"predecessor-version":[{"id":2829,"href":"https:\/\/granadilladeabona.app\/de\/wp-json\/wp\/v2\/pages\/2826\/revisions\/2829"}],"wp:attachment":[{"href":"https:\/\/granadilladeabona.app\/de\/wp-json\/wp\/v2\/media?parent=2826"}],"curies":[{"name":"wp","href":"https:\/\/api.w.org\/{rel}","templated":true}]}}