{"id":2752,"date":"2024-12-11T11:16:40","date_gmt":"2024-12-11T11:16:40","guid":{"rendered":"https:\/\/granadilladeabona.app\/elproyecto\/"},"modified":"2025-07-30T08:37:43","modified_gmt":"2025-07-30T08:37:43","slug":"das-projekt","status":"publish","type":"page","link":"https:\/\/granadilladeabona.app\/de\/das-projekt\/","title":{"rendered":"Das Projekt"},"content":{"rendered":"\n<div class=\"wp-block-group alignfull has-accent-2-background-color has-background has-global-padding is-layout-constrained wp-container-core-group-is-layout-669513ed wp-block-group-is-layout-constrained\" style=\"margin-top:0;margin-bottom:0;padding-top:var(--wp--preset--spacing--50);padding-right:var(--wp--preset--spacing--50);padding-bottom:var(--wp--preset--spacing--50);padding-left:var(--wp--preset--spacing--50)\">\n<div class=\"wp-block-columns alignwide is-layout-flex wp-container-core-columns-is-layout-28f84493 wp-block-columns-is-layout-flex\">\n<div class=\"wp-block-column is-layout-flow wp-block-column-is-layout-flow\">\n<p class=\"has-large-font-size wp-container-content-0733e5d0\"><strong><strong>Das Projekt<\/strong><\/strong><\/p>\n<\/div>\n\n\n\n<div class=\"wp-block-column is-layout-flow wp-block-column-is-layout-flow\">\n<p class=\"has-heading-font-family has-large-font-size\" style=\"line-height:1.2\">Wussten Sie, dass Granadilla de Abona einzigartige Natur- und Kultursch\u00e4tze birgt?<\/p>\n\n\n\n<p class=\"has-heading-font-family has-large-font-size\" style=\"line-height:1.2\">Mit dem Projekt <strong>\u201eLandschaftsrouten f\u00fcr Nachhaltigkeit\u201c<\/strong> haben wir ein Erlebnis geschaffen, das Tradition, unglaubliche Landschaften und Umweltschutz miteinander verbindet. Dieses Projekt l\u00e4dt nicht nur zum Entdecken ein, sondern unterst\u00fctzt auch die l\u00e4ndliche Entwicklung und f\u00f6rdert den nachhaltigen Tourismus.<\/p>\n<\/div>\n<\/div>\n\n\n\n<div style=\"height:var(--wp--preset--spacing--40)\" aria-hidden=\"true\" class=\"wp-block-spacer\"><\/div>\n\n\n\n<figure class=\"wp-block-image alignwide size-large is-style-rounded is-style-rounded--1\"><img loading=\"lazy\" decoding=\"async\" width=\"1024\" height=\"576\" src=\"https:\/\/granadilladeabona.app\/wp-content\/uploads\/2024\/12\/Principal_PR-TF8302_Canales-o-Tajeas-1024x576.jpg\" alt=\"\" class=\"wp-image-2535\" srcset=\"https:\/\/granadilladeabona.app\/wp-content\/uploads\/2024\/12\/Principal_PR-TF8302_Canales-o-Tajeas-1024x576.jpg 1024w, https:\/\/granadilladeabona.app\/wp-content\/uploads\/2024\/12\/Principal_PR-TF8302_Canales-o-Tajeas-300x169.jpg 300w, https:\/\/granadilladeabona.app\/wp-content\/uploads\/2024\/12\/Principal_PR-TF8302_Canales-o-Tajeas-768x432.jpg 768w, https:\/\/granadilladeabona.app\/wp-content\/uploads\/2024\/12\/Principal_PR-TF8302_Canales-o-Tajeas-1536x864.jpg 1536w, https:\/\/granadilladeabona.app\/wp-content\/uploads\/2024\/12\/Principal_PR-TF8302_Canales-o-Tajeas.jpg 1600w\" sizes=\"auto, (max-width: 1024px) 100vw, 1024px\" \/><\/figure>\n<\/div>\n\n\n\n<div class=\"wp-block-group alignfull has-base-background-color has-background is-nowrap is-layout-flex wp-container-core-group-is-layout-560e8266 wp-block-group-is-layout-flex\" style=\"margin-top:0;margin-bottom:0;padding-top:var(--wp--preset--spacing--50);padding-right:var(--wp--preset--spacing--50);padding-bottom:var(--wp--preset--spacing--50);padding-left:var(--wp--preset--spacing--50)\">\n<div class=\"wp-block-columns alignwide is-layout-flex wp-container-core-columns-is-layout-549b0c86 wp-block-columns-is-layout-flex\">\n<div class=\"wp-block-column has-global-padding is-content-justification-left is-layout-constrained wp-container-core-column-is-layout-4f15e8fe wp-block-column-is-layout-constrained\">\n<p><strong><strong>Entdecken Sie die Landschaftsrouten f\u00fcr Nachhaltigkeit<\/strong><\/strong><\/p>\n\n\n\n<figure class=\"wp-block-image alignfull size-large\"><img loading=\"lazy\" decoding=\"async\" width=\"1024\" height=\"576\" src=\"https:\/\/granadilladeabona.app\/wp-content\/uploads\/2024\/12\/IMG_20241206_101631-EDIT-1024x576.jpg\" alt=\"\" class=\"wp-image-2494\" srcset=\"https:\/\/granadilladeabona.app\/wp-content\/uploads\/2024\/12\/IMG_20241206_101631-EDIT-1024x576.jpg 1024w, https:\/\/granadilladeabona.app\/wp-content\/uploads\/2024\/12\/IMG_20241206_101631-EDIT-300x169.jpg 300w, https:\/\/granadilladeabona.app\/wp-content\/uploads\/2024\/12\/IMG_20241206_101631-EDIT-768x432.jpg 768w, https:\/\/granadilladeabona.app\/wp-content\/uploads\/2024\/12\/IMG_20241206_101631-EDIT-1536x864.jpg 1536w, https:\/\/granadilladeabona.app\/wp-content\/uploads\/2024\/12\/IMG_20241206_101631-EDIT-2048x1153.jpg 2048w\" sizes=\"auto, (max-width: 1024px) 100vw, 1024px\" \/><\/figure>\n<\/div>\n\n\n\n<div class=\"wp-block-column is-layout-flow wp-container-core-column-is-layout-119bc444 wp-block-column-is-layout-flow\">\n<p class=\"has-heading-font-family has-x-large-font-size\" style=\"line-height:1.2\"><strong><strong>Nach was suchen wir?<\/strong><\/strong><\/p>\n\n\n\n<p class=\"has-heading-font-family has-large-font-size\" style=\"line-height:1.2\">Wir m\u00f6chten, dass jeder Schritt, den Sie tun, eine Verbindung zur Natur und zur Geschichte unseres Landes darstellt. Deshalb sind unsere Ziele klar:<\/p>\n\n\n\n<div class=\"wp-block-columns is-layout-flex wp-container-core-columns-is-layout-87beb0d0 wp-block-columns-is-layout-flex\">\n<div class=\"wp-block-column is-layout-flow wp-block-column-is-layout-flow\">\n<p class=\"has-medium-font-size wp-container-content-9cfa9a5a\"><strong>Verbundenheit mit der Umwelt: Wir<\/strong> zeigen Ihnen das Beste unserer Landschaften, w\u00e4hrend wir gemeinsam lernen, sie zu pflegen.<\/p>\n\n\n\n<p><strong>Nachhaltiges und zug\u00e4ngliches Wandern:<\/strong> Wir entwickeln Routen, die Sie genie\u00dfen k\u00f6nnen, ohne einen negativen Fu\u00dfabdruck zu hinterlassen.<\/p>\n\n\n\n<p class=\"has-medium-font-size wp-container-content-9cfa9a5a\"><strong>Unsere l\u00e4ndlichen Gebiete wiederbeleben:<\/strong> Wir f\u00f6rdern Aktivit\u00e4ten und Dienstleistungen, die unsere Wurzeln respektieren und neue M\u00f6glichkeiten schaffen.<\/p>\n<\/div>\n<\/div>\n<\/div>\n<\/div>\n<\/div>\n\n\n\n<div class=\"wp-block-cover alignfull is-light has-parallax\" style=\"padding-top:var(--wp--preset--spacing--50);padding-right:var(--wp--preset--spacing--50);padding-bottom:var(--wp--preset--spacing--50);padding-left:var(--wp--preset--spacing--50);min-height:100vh;aspect-ratio:unset;\"><div class=\"wp-block-cover__image-background wp-image-2517 has-parallax\" style=\"background-position:50% 50%;background-image:url(https:\/\/granadilladeabona.app\/wp-content\/uploads\/2024\/12\/IMG_20240903_150722-EFFECTS-scaled.jpg)\"><\/div><span aria-hidden=\"true\" class=\"wp-block-cover__background has-base-background-color has-background-dim-0 has-background-dim\"><\/span><div class=\"wp-block-cover__inner-container has-global-padding is-layout-constrained wp-container-core-cover-is-layout-e4fd886c wp-block-cover-is-layout-constrained\">\n<div style=\"height:500px\" aria-hidden=\"true\" class=\"wp-block-spacer\"><\/div>\n<\/div><\/div>\n\n\n\n<div class=\"wp-block-group alignfull has-base-2-background-color has-background has-global-padding is-layout-constrained wp-container-core-group-is-layout-7cd14b77 wp-block-group-is-layout-constrained\" style=\"margin-top:0;margin-bottom:0;padding-top:var(--wp--preset--spacing--60);padding-right:var(--wp--preset--spacing--60);padding-bottom:var(--wp--preset--spacing--60);padding-left:var(--wp--preset--spacing--60)\">\n<div class=\"wp-block-group alignwide is-layout-flow wp-block-group-is-layout-flow\">\n<p class=\"has-text-align-center has-heading-font-family has-x-large-font-size\" style=\"font-style:normal;font-weight:400;line-height:1.2\">\u201eWandern Sie auf geschichtstr\u00e4chtigen Wegen, genie\u00dfen Sie einzigartige Landschaften und erleben Sie nachhaltigen Tourismus in Granadilla de Abona\u201c.<\/p>\n<\/div>\n<\/div>\n\n\n\n<div class=\"wp-block-group alignfull has-contrast-color has-accent-background-color has-text-color has-background has-link-color wp-elements-794cebde1e3e78180decab6fb8a32d38 is-vertical is-layout-flex wp-container-core-group-is-layout-31a009b9 wp-block-group-is-layout-flex\" style=\"margin-top:0;margin-bottom:0;padding-top:var(--wp--preset--spacing--50);padding-right:var(--wp--preset--spacing--50);padding-bottom:var(--wp--preset--spacing--50);padding-left:var(--wp--preset--spacing--50)\">\n<div class=\"wp-block-columns alignwide is-layout-flex wp-container-core-columns-is-layout-d1c656ed wp-block-columns-is-layout-flex\">\n<div class=\"wp-block-column is-vertically-aligned-stretch is-layout-flow wp-block-column-is-layout-flow\" style=\"padding-right:0;flex-basis:60%\">\n<div class=\"wp-block-group is-vertical is-layout-flex wp-container-core-group-is-layout-fe9cc265 wp-block-group-is-layout-flex\" style=\"min-height:100%\">\n<figure class=\"wp-block-image alignwide size-large is-style-rounded is-style-rounded--2\"><img loading=\"lazy\" decoding=\"async\" width=\"1024\" height=\"576\" src=\"https:\/\/granadilladeabona.app\/wp-content\/uploads\/2024\/12\/IMG-20240806-WA0018-EFFECTS-1024x576.jpg\" alt=\"\" class=\"wp-image-2532\" srcset=\"https:\/\/granadilladeabona.app\/wp-content\/uploads\/2024\/12\/IMG-20240806-WA0018-EFFECTS-1024x576.jpg 1024w, https:\/\/granadilladeabona.app\/wp-content\/uploads\/2024\/12\/IMG-20240806-WA0018-EFFECTS-300x169.jpg 300w, https:\/\/granadilladeabona.app\/wp-content\/uploads\/2024\/12\/IMG-20240806-WA0018-EFFECTS-768x432.jpg 768w, https:\/\/granadilladeabona.app\/wp-content\/uploads\/2024\/12\/IMG-20240806-WA0018-EFFECTS-1536x864.jpg 1536w, https:\/\/granadilladeabona.app\/wp-content\/uploads\/2024\/12\/IMG-20240806-WA0018-EFFECTS-2048x1152.jpg 2048w\" sizes=\"auto, (max-width: 1024px) 100vw, 1024px\" \/><\/figure>\n\n\n\n<p><strong>Schilder, die Geschichten erz\u00e4hlen:<\/strong><\/p>\n\n\n\n<p>Wir haben neue Informationstafeln und -tafeln in Spanisch und Englisch aufgestellt, die Landschaft, Geschichte und Nachhaltigkeit miteinander verbinden. Jede Tafel l\u00e4dt dazu ein, die Landschaft zu entdecken, lokale Traditionen zu verstehen und sich mit der Umwelt zu verbinden.<\/p>\n\n\n\n<div class=\"wp-block-group is-nowrap is-layout-flex wp-container-core-group-is-layout-6c531013 wp-block-group-is-layout-flex\">\n<p><strong>Ein einzigartiges Design:<\/strong><br>Wir haben ein Logo und ein visuelles Handbuch entworfen, die ihre Einzigartigkeit unterstreichen und die Landschaftsrouten f\u00fcr Nachhaltigkeit erkennbar und einzigartig machen.<\/p>\n\n\n\n<figure class=\"wp-block-image size-full is-resized\"><img loading=\"lazy\" decoding=\"async\" width=\"298\" height=\"119\" src=\"http:\/\/granadilladeabona.app\/wp-content\/uploads\/2024\/12\/imagen_2024-12-11_105704401.png\" alt=\"\" class=\"wp-image-2512\" style=\"width:500px\"\/><\/figure>\n<\/div>\n\n\n\n<div class=\"wp-block-group is-nowrap is-layout-flex wp-container-core-group-is-layout-6c531013 wp-block-group-is-layout-flex\">\n<p class=\"has-medium-font-size\"><strong><strong>Wanderausstellung<\/strong>:<\/strong><br>Wir haben eine Ausstellung geschaffen, die die wesentlichen Werte des Landes widerspiegelt: Nachhaltigkeit, Tradition und Natur. Diese Ausstellung wird in Schulen, Hochschulen, B\u00fcrgerzentren und bei Veranstaltungen zu sehen sein. Mit visuellen Hilfsmitteln wie Fotoaufrufen, Totems und Brosch\u00fcren wollen wir alle dazu inspirieren, sich um unsere Umwelt zu k\u00fcmmern und sie zu genie\u00dfen.<\/p>\n<\/div>\n\n\n\n<figure class=\"wp-block-image size-full is-resized is-style-rounded is-style-rounded--3\" style=\"margin-right:0;margin-left:0\"><img loading=\"lazy\" decoding=\"async\" width=\"1000\" height=\"531\" src=\"https:\/\/granadilladeabona.app\/wp-content\/uploads\/2024\/12\/imagen_2024-12-11_114012665.png\" alt=\"\" class=\"wp-image-2567\" style=\"width:414px;height:auto\" srcset=\"https:\/\/granadilladeabona.app\/wp-content\/uploads\/2024\/12\/imagen_2024-12-11_114012665.png 1000w, https:\/\/granadilladeabona.app\/wp-content\/uploads\/2024\/12\/imagen_2024-12-11_114012665-300x159.png 300w, https:\/\/granadilladeabona.app\/wp-content\/uploads\/2024\/12\/imagen_2024-12-11_114012665-768x408.png 768w\" sizes=\"auto, (max-width: 1000px) 100vw, 1000px\" \/><\/figure>\n<\/div>\n<\/div>\n\n\n\n<div class=\"wp-block-column is-layout-flow wp-block-column-is-layout-flow\" style=\"flex-basis:50%\">\n<div class=\"wp-block-group has-global-padding is-layout-constrained wp-block-group-is-layout-constrained\">\n<p class=\"has-large-font-size\" style=\"font-style:normal;font-weight:500;line-height:1.2\"><strong><strong>Was haben wir getan?<\/strong><\/strong><\/p>\n\n\n\n<p class=\"has-large-font-size\" style=\"font-style:normal;font-weight:500;line-height:1.2\">Unsere Arbeit geht \u00fcber die Gestaltung von Routen hinaus. Wir wollen, dass jeder Weg eine Geschichte erz\u00e4hlt, dass jeder Schritt ein einzigartiges Erlebnis ist.<\/p>\n\n\n\n<p class=\"has-large-font-size\" style=\"font-style:normal;font-weight:500;line-height:1.2\">Das ist es, was wir erreicht haben:<\/p>\n\n\n\n<div class=\"wp-block-group is-layout-flow wp-block-group-is-layout-flow\">\n<p class=\"has-text-align-left has-medium-font-size\"><strong>Ein \u00fcbersichtliches und attraktives Netz von Wanderwegen:<\/strong><br>In Zusammenarbeit mit der Stadtverwaltung von Granadilla de Abona und dem Cabildo von Teneriffa haben wir die Wege analysiert und umbenannt. Besonders hervorzuheben ist der Abschnitt Granadilla-Las Vegas des historischen Camino Real, der zum ersten Mal ausgeschildert wurde und der den Beginn seiner m\u00f6glichen zuk\u00fcnftigen Homologierung markiert.<\/p>\n\n\n\n<p><strong>Eine f\u00fcr Sie gestaltete Website:<\/strong><br>Planen Sie Ihre Routen und rufen Sie wichtige Informationen mit Karten und QR-Codes vor Ort ab. Entwickelt, damit Sie die Wege vor, w\u00e4hrend und nach Ihrem Besuch erkunden k\u00f6nnen.<\/p>\n\n\n\n<div class=\"wp-block-group is-nowrap is-layout-flex wp-container-core-group-is-layout-6c531013 wp-block-group-is-layout-flex\">\n<p><strong>Erstellung einer mobilen Anwendung:<\/strong><br>Entdecken Sie zus\u00e4tzliche Inhalte und exklusive Details vor, w\u00e4hrend und nach Ihrer Fahrt. Es enth\u00e4lt auch zus\u00e4tzliche Bilder und Daten, die es Ihnen erm\u00f6glichen, die Wege im Detail zu entdecken.<\/p>\n<\/div>\n<\/div>\n<\/div>\n\n\n\n<div class=\"wp-block-group is-content-justification-center is-nowrap is-layout-flex wp-container-core-group-is-layout-9193781b wp-block-group-is-layout-flex\">\n<figure class=\"wp-block-image size-full is-resized is-style-rounded wp-container-content-69bc4bdf is-style-rounded--4\"><img loading=\"lazy\" decoding=\"async\" width=\"720\" height=\"1600\" src=\"https:\/\/granadilladeabona.app\/wp-content\/uploads\/2024\/12\/WhatsApp-Image-2024-12-09-at-08.25.04-1.jpeg\" alt=\"\" class=\"wp-image-2506\" style=\"width:175px;height:auto\" srcset=\"https:\/\/granadilladeabona.app\/wp-content\/uploads\/2024\/12\/WhatsApp-Image-2024-12-09-at-08.25.04-1.jpeg 720w, https:\/\/granadilladeabona.app\/wp-content\/uploads\/2024\/12\/WhatsApp-Image-2024-12-09-at-08.25.04-1-135x300.jpeg 135w, https:\/\/granadilladeabona.app\/wp-content\/uploads\/2024\/12\/WhatsApp-Image-2024-12-09-at-08.25.04-1-461x1024.jpeg 461w, https:\/\/granadilladeabona.app\/wp-content\/uploads\/2024\/12\/WhatsApp-Image-2024-12-09-at-08.25.04-1-691x1536.jpeg 691w\" sizes=\"auto, (max-width: 720px) 100vw, 720px\" \/><\/figure>\n<\/div>\n<\/div>\n<\/div>\n<\/div>\n\n\n\n<div class=\"wp-block-group alignfull has-accent-4-background-color has-background is-nowrap is-layout-flex wp-container-core-group-is-layout-560e8266 wp-block-group-is-layout-flex\" style=\"margin-top:0;margin-bottom:0;padding-top:var(--wp--preset--spacing--50);padding-right:var(--wp--preset--spacing--50);padding-bottom:var(--wp--preset--spacing--50);padding-left:var(--wp--preset--spacing--50)\">\n<div class=\"wp-block-columns alignwide is-layout-flex wp-container-core-columns-is-layout-549b0c86 wp-block-columns-is-layout-flex\">\n<div class=\"wp-block-column has-global-padding is-content-justification-center is-layout-constrained wp-container-core-column-is-layout-42d62dd4 wp-block-column-is-layout-constrained\" style=\"flex-basis:40%\">\n<figure class=\"wp-block-image alignfull size-full\" style=\"margin-right:var(--wp--preset--spacing--30);margin-left:var(--wp--preset--spacing--30)\"><img loading=\"lazy\" decoding=\"async\" width=\"785\" height=\"331\" src=\"http:\/\/granadilladeabona.app\/wp-content\/uploads\/2024\/11\/logo-granadilla.png\" alt=\"\" class=\"wp-image-2357\" srcset=\"https:\/\/granadilladeabona.app\/wp-content\/uploads\/2024\/11\/logo-granadilla.png 785w, https:\/\/granadilladeabona.app\/wp-content\/uploads\/2024\/11\/logo-granadilla-300x126.png 300w, https:\/\/granadilladeabona.app\/wp-content\/uploads\/2024\/11\/logo-granadilla-768x324.png 768w\" sizes=\"auto, (max-width: 785px) 100vw, 785px\" \/><\/figure>\n<\/div>\n\n\n\n<div class=\"wp-block-column is-layout-flow wp-container-core-column-is-layout-119bc444 wp-block-column-is-layout-flow\" style=\"flex-basis:60%\">\n<p class=\"has-heading-font-family has-large-font-size\" style=\"line-height:1.2\">Das Projekt \u201eLandschaftsrouten f\u00fcr Nachhaltigkeit\u201c wird von der <strong>Stadtverwaltung von Granadilla de Abona<\/strong> im Rahmen ihrer Strategie zur F\u00f6rderung des kulturellen Erbes und der Nachhaltigkeit gef\u00f6rdert.<\/p>\n\n\n\n<p class=\"has-heading-font-family has-large-font-size\" style=\"line-height:1.2\">Das Projekt wird im Rahmen der <strong>LEADER-Ma\u00dfnahme des Kanarischen Programms zur Entwicklung des l\u00e4ndlichen Raums 2014-2020 (PDR) <\/strong>finanziert, das vom <strong>Europ\u00e4ischen Landwirtschaftsfonds f\u00fcr die Entwicklung des l\u00e4ndlichen Raums (ELER)<\/strong> kofinanziert wird.<\/p>\n<\/div>\n<\/div>\n<\/div>\n\n\n\n<p><\/p>\n","protected":false},"excerpt":{"rendered":"<p>Das Projekt Wussten Sie, dass Granadilla de Abona einzigartige Natur- und Kultursch\u00e4tze birgt? Mit dem Projekt \u201eLandschaftsrouten f\u00fcr Nachhaltigkeit\u201c haben wir ein Erlebnis geschaffen, das Tradition, unglaubliche Landschaften und Umweltschutz miteinander verbindet. Dieses Projekt l\u00e4dt nicht nur zum Entdecken ein, sondern unterst\u00fctzt auch die l\u00e4ndliche Entwicklung und f\u00f6rdert den nachhaltigen Tourismus. Entdecken Sie die Landschaftsrouten [&hellip;]<\/p>\n","protected":false},"author":6,"featured_media":0,"parent":0,"menu_order":0,"comment_status":"closed","ping_status":"closed","template":"page-no-title","meta":{"footnotes":""},"class_list":["post-2752","page","type-page","status-publish","hentry"],"_links":{"self":[{"href":"https:\/\/granadilladeabona.app\/de\/wp-json\/wp\/v2\/pages\/2752","targetHints":{"allow":["GET"]}}],"collection":[{"href":"https:\/\/granadilladeabona.app\/de\/wp-json\/wp\/v2\/pages"}],"about":[{"href":"https:\/\/granadilladeabona.app\/de\/wp-json\/wp\/v2\/types\/page"}],"author":[{"embeddable":true,"href":"https:\/\/granadilladeabona.app\/de\/wp-json\/wp\/v2\/users\/6"}],"replies":[{"embeddable":true,"href":"https:\/\/granadilladeabona.app\/de\/wp-json\/wp\/v2\/comments?post=2752"}],"version-history":[{"count":2,"href":"https:\/\/granadilladeabona.app\/de\/wp-json\/wp\/v2\/pages\/2752\/revisions"}],"predecessor-version":[{"id":2864,"href":"https:\/\/granadilladeabona.app\/de\/wp-json\/wp\/v2\/pages\/2752\/revisions\/2864"}],"wp:attachment":[{"href":"https:\/\/granadilladeabona.app\/de\/wp-json\/wp\/v2\/media?parent=2752"}],"curies":[{"name":"wp","href":"https:\/\/api.w.org\/{rel}","templated":true}]}}