{"id":2677,"date":"2024-12-11T23:06:57","date_gmt":"2024-12-11T23:06:57","guid":{"rendered":"https:\/\/granadilladeabona.app\/?page_id=2677"},"modified":"2024-12-11T23:18:07","modified_gmt":"2024-12-11T23:18:07","slug":"wanderwege","status":"publish","type":"page","link":"https:\/\/granadilladeabona.app\/de\/wanderwege\/","title":{"rendered":"Wanderwege"},"content":{"rendered":"\n<div class=\"wp-block-query alignwide is-layout-flow wp-block-query-is-layout-flow\">\n\n\n<div class=\"wp-block-group is-layout-flow wp-block-group-is-layout-flow\" style=\"margin-top:0;margin-bottom:0;padding-top:var(--wp--preset--spacing--50);padding-right:0;padding-bottom:var(--wp--preset--spacing--50);padding-left:0\"><ul class=\"columns-3 alignfull wp-block-post-template is-layout-grid wp-container-core-post-template-is-layout-2d080239 wp-block-post-template-is-layout-grid\"><li class=\"wp-block-post post-2614 post type-post status-publish format-standard has-post-thumbnail hentry category-gipfel tag-fusweg\">\n<figure style=\"aspect-ratio:3\/4; padding-bottom:var(--wp--preset--spacing--20);margin-bottom:0;\" class=\"wp-block-post-featured-image\"><a href=\"https:\/\/granadilladeabona.app\/de\/pr-tf-83-granadilla-paisaje-lunar\/\" target=\"_self\"  ><img loading=\"lazy\" decoding=\"async\" width=\"1728\" height=\"1296\" src=\"https:\/\/granadilladeabona.app\/wp-content\/uploads\/2024\/11\/Paisaje-Visiongeneral.jpg\" class=\"attachment-post-thumbnail size-post-thumbnail wp-post-image\" alt=\"PR-TF 83 Granadilla-Paisaje Lunar\" style=\"width:100%;height:100%;object-fit:cover;\" srcset=\"https:\/\/granadilladeabona.app\/wp-content\/uploads\/2024\/11\/Paisaje-Visiongeneral.jpg 1728w, https:\/\/granadilladeabona.app\/wp-content\/uploads\/2024\/11\/Paisaje-Visiongeneral-300x225.jpg 300w, https:\/\/granadilladeabona.app\/wp-content\/uploads\/2024\/11\/Paisaje-Visiongeneral-1024x768.jpg 1024w, https:\/\/granadilladeabona.app\/wp-content\/uploads\/2024\/11\/Paisaje-Visiongeneral-768x576.jpg 768w, https:\/\/granadilladeabona.app\/wp-content\/uploads\/2024\/11\/Paisaje-Visiongeneral-1536x1152.jpg 1536w\" sizes=\"auto, (max-width: 1728px) 100vw, 1728px\" \/><\/a><\/figure>\n\n\n<div class=\"wp-block-group is-vertical is-nowrap is-layout-flex wp-container-core-group-is-layout-97ba36a5 wp-block-group-is-layout-flex\" style=\"margin-top:var(--wp--preset--spacing--20);padding-top:0\"><h2 class=\"wp-block-post-title has-large-font-size wp-container-content-32e3a40d\"><a href=\"https:\/\/granadilladeabona.app\/de\/pr-tf-83-granadilla-paisaje-lunar\/\" target=\"_self\" >PR-TF 83 Granadilla-Paisaje Lunar<\/a><\/h2>\n\n<div class=\"wp-block-template-part\">\n\n<div class=\"wp-block-group has-global-padding is-layout-constrained wp-block-group-is-layout-constrained\">\n\t\n\t<div class=\"wp-block-group is-content-justification-left is-layout-flex wp-container-core-group-is-layout-dfe8e91f wp-block-group-is-layout-flex\">\n\t\t<div class=\"wp-block-post-date\"><time datetime=\"2024-12-10T15:52:55+00:00\"><a href=\"https:\/\/granadilladeabona.app\/de\/pr-tf-83-granadilla-paisaje-lunar\/\">Dez. 10, 2024<\/a><\/time><\/div>\n\n\t\t\n\t\t<p class=\"has-contrast-2-color has-text-color\">\u2014<\/p>\n\t\t\n\n\t\t\n\t\t<p class=\"has-small-font-size has-contrast-2-color has-text-color\">von<\/p>\n\t\t\n\n\t\t<div class=\"wp-block-post-author-name\"><a href=\"https:\/\/granadilladeabona.app\/de\/author\/itinerarios\/\" target=\"_self\" class=\"wp-block-post-author-name__link\">Itinerarios Paisaj\u00edsticos<\/a><\/div>\n\n\t\t<div class=\"taxonomy-category wp-block-post-terms\"><span class=\"wp-block-post-terms__prefix\">in <\/span><a href=\"https:\/\/granadilladeabona.app\/de\/category\/gipfel\/\" rel=\"tag\">Gipfel<\/a><\/div>\n\n\t<\/div>\n\t\n<\/div>\n\n\n<\/div>\n\n<div class=\"wp-block-post-excerpt has-text-color has-contrast-2-color has-small-font-size wp-container-content-32e3a40d\"><p class=\"wp-block-post-excerpt__excerpt\">Dieser Weg verbindet das Stadtzentrum von Granadilla mit dem Cruz de Tea und den Gipfeln der Gemeinde und f\u00fchrt zum Aussichtspunkt Los Escurriales, der auch als Paisaje Lunar (Mondlandschaft) bekannt ist. Er ist eine der Ableitungen des historischen Camino de Chasna, der den S\u00fcden und den Norden der Insel \u00fcber Las Ca\u00f1adas del Teide verbindet&hellip; <\/p><\/div>\n\n\n<div style=\"height:0px\" aria-hidden=\"true\" class=\"wp-block-spacer wp-container-content-32e3a40d\"><\/div>\n<\/div>\n\n<\/li><li class=\"wp-block-post post-2624 post type-post status-publish format-standard has-post-thumbnail hentry category-gipfel tag-fusweg\">\n<figure style=\"aspect-ratio:3\/4; padding-bottom:var(--wp--preset--spacing--20);margin-bottom:0;\" class=\"wp-block-post-featured-image\"><a href=\"https:\/\/granadilladeabona.app\/de\/pr-tf-83-1-las-vegas-paisaje-lunar\/\" target=\"_self\"  ><img loading=\"lazy\" decoding=\"async\" width=\"1802\" height=\"1200\" src=\"https:\/\/granadilladeabona.app\/wp-content\/uploads\/2024\/11\/05_Chimeneas-Hadas-Los-Escurriales-4.jpg\" class=\"attachment-post-thumbnail size-post-thumbnail wp-post-image\" alt=\"PR-TF 83.1 Las Vegas-Paisaje Lunar\" style=\"width:100%;height:100%;object-fit:cover;\" srcset=\"https:\/\/granadilladeabona.app\/wp-content\/uploads\/2024\/11\/05_Chimeneas-Hadas-Los-Escurriales-4.jpg 1802w, https:\/\/granadilladeabona.app\/wp-content\/uploads\/2024\/11\/05_Chimeneas-Hadas-Los-Escurriales-4-300x200.jpg 300w, https:\/\/granadilladeabona.app\/wp-content\/uploads\/2024\/11\/05_Chimeneas-Hadas-Los-Escurriales-4-1024x682.jpg 1024w, https:\/\/granadilladeabona.app\/wp-content\/uploads\/2024\/11\/05_Chimeneas-Hadas-Los-Escurriales-4-768x511.jpg 768w, https:\/\/granadilladeabona.app\/wp-content\/uploads\/2024\/11\/05_Chimeneas-Hadas-Los-Escurriales-4-1536x1023.jpg 1536w\" sizes=\"auto, (max-width: 1802px) 100vw, 1802px\" \/><\/a><\/figure>\n\n\n<div class=\"wp-block-group is-vertical is-nowrap is-layout-flex wp-container-core-group-is-layout-97ba36a5 wp-block-group-is-layout-flex\" style=\"margin-top:var(--wp--preset--spacing--20);padding-top:0\"><h2 class=\"wp-block-post-title has-large-font-size wp-container-content-32e3a40d\"><a href=\"https:\/\/granadilladeabona.app\/de\/pr-tf-83-1-las-vegas-paisaje-lunar\/\" target=\"_self\" >PR-TF 83.1 Las Vegas-Paisaje Lunar<\/a><\/h2>\n\n<div class=\"wp-block-template-part\">\n\n<div class=\"wp-block-group has-global-padding is-layout-constrained wp-block-group-is-layout-constrained\">\n\t\n\t<div class=\"wp-block-group is-content-justification-left is-layout-flex wp-container-core-group-is-layout-dfe8e91f wp-block-group-is-layout-flex\">\n\t\t<div class=\"wp-block-post-date\"><time datetime=\"2024-12-11T01:25:55+00:00\"><a href=\"https:\/\/granadilladeabona.app\/de\/pr-tf-83-1-las-vegas-paisaje-lunar\/\">Dez. 11, 2024<\/a><\/time><\/div>\n\n\t\t\n\t\t<p class=\"has-contrast-2-color has-text-color\">\u2014<\/p>\n\t\t\n\n\t\t\n\t\t<p class=\"has-small-font-size has-contrast-2-color has-text-color\">von<\/p>\n\t\t\n\n\t\t<div class=\"wp-block-post-author-name\"><a href=\"https:\/\/granadilladeabona.app\/de\/author\/itinerarios\/\" target=\"_self\" class=\"wp-block-post-author-name__link\">Itinerarios Paisaj\u00edsticos<\/a><\/div>\n\n\t\t<div class=\"taxonomy-category wp-block-post-terms\"><span class=\"wp-block-post-terms__prefix\">in <\/span><a href=\"https:\/\/granadilladeabona.app\/de\/category\/gipfel\/\" rel=\"tag\">Gipfel<\/a><\/div>\n\n\t<\/div>\n\t\n<\/div>\n\n\n<\/div>\n\n<div class=\"wp-block-post-excerpt has-text-color has-contrast-2-color has-small-font-size wp-container-content-32e3a40d\"><p class=\"wp-block-post-excerpt__excerpt\">Dieser Weg verbindet Las Vegas mit Los Escurriales, einem Gebiet, das im Volksmund als Mondlandschaft bekannt ist. Las Vegas war die erste kastilische Siedlung in der Gemeinde Granadilla de Abona und auf dem Weg dorthin k\u00f6nnen Sie einige Geheimnisse \u00fcber den vulkanischen Ursprung und das reiche kulturelle Erbe erfahren. Am Ende des Weges k\u00f6nnen Sie&hellip; <\/p><\/div>\n\n\n<div style=\"height:0px\" aria-hidden=\"true\" class=\"wp-block-spacer wp-container-content-32e3a40d\"><\/div>\n<\/div>\n\n<\/li><li class=\"wp-block-post post-2630 post type-post status-publish format-standard has-post-thumbnail hentry category-obere-medianias tag-fusweg\">\n<figure style=\"aspect-ratio:3\/4; padding-bottom:var(--wp--preset--spacing--20);margin-bottom:0;\" class=\"wp-block-post-featured-image\"><a href=\"https:\/\/granadilladeabona.app\/de\/pr-tf-83-2-circular-de-las-vegas\/\" target=\"_self\"  ><img loading=\"lazy\" decoding=\"async\" width=\"1794\" height=\"1200\" src=\"https:\/\/granadilladeabona.app\/wp-content\/uploads\/2024\/11\/14_Caserio-de-Las-Vegas-1.jpg\" class=\"attachment-post-thumbnail size-post-thumbnail wp-post-image\" alt=\"PR-TF 83.2 Circular de Las Vegas\" style=\"width:100%;height:100%;object-fit:cover;\" srcset=\"https:\/\/granadilladeabona.app\/wp-content\/uploads\/2024\/11\/14_Caserio-de-Las-Vegas-1.jpg 1794w, https:\/\/granadilladeabona.app\/wp-content\/uploads\/2024\/11\/14_Caserio-de-Las-Vegas-1-300x201.jpg 300w, https:\/\/granadilladeabona.app\/wp-content\/uploads\/2024\/11\/14_Caserio-de-Las-Vegas-1-1024x685.jpg 1024w, https:\/\/granadilladeabona.app\/wp-content\/uploads\/2024\/11\/14_Caserio-de-Las-Vegas-1-768x514.jpg 768w, https:\/\/granadilladeabona.app\/wp-content\/uploads\/2024\/11\/14_Caserio-de-Las-Vegas-1-1536x1027.jpg 1536w\" sizes=\"auto, (max-width: 1794px) 100vw, 1794px\" \/><\/a><\/figure>\n\n\n<div class=\"wp-block-group is-vertical is-nowrap is-layout-flex wp-container-core-group-is-layout-97ba36a5 wp-block-group-is-layout-flex\" style=\"margin-top:var(--wp--preset--spacing--20);padding-top:0\"><h2 class=\"wp-block-post-title has-large-font-size wp-container-content-32e3a40d\"><a href=\"https:\/\/granadilladeabona.app\/de\/pr-tf-83-2-circular-de-las-vegas\/\" target=\"_self\" >PR-TF 83.2 Circular de Las Vegas<\/a><\/h2>\n\n<div class=\"wp-block-template-part\">\n\n<div class=\"wp-block-group has-global-padding is-layout-constrained wp-block-group-is-layout-constrained\">\n\t\n\t<div class=\"wp-block-group is-content-justification-left is-layout-flex wp-container-core-group-is-layout-dfe8e91f wp-block-group-is-layout-flex\">\n\t\t<div class=\"wp-block-post-date\"><time datetime=\"2024-12-11T01:54:30+00:00\"><a href=\"https:\/\/granadilladeabona.app\/de\/pr-tf-83-2-circular-de-las-vegas\/\">Dez. 11, 2024<\/a><\/time><\/div>\n\n\t\t\n\t\t<p class=\"has-contrast-2-color has-text-color\">\u2014<\/p>\n\t\t\n\n\t\t\n\t\t<p class=\"has-small-font-size has-contrast-2-color has-text-color\">von<\/p>\n\t\t\n\n\t\t<div class=\"wp-block-post-author-name\"><a href=\"https:\/\/granadilladeabona.app\/de\/author\/itinerarios\/\" target=\"_self\" class=\"wp-block-post-author-name__link\">Itinerarios Paisaj\u00edsticos<\/a><\/div>\n\n\t\t<div class=\"taxonomy-category wp-block-post-terms\"><span class=\"wp-block-post-terms__prefix\">in <\/span><a href=\"https:\/\/granadilladeabona.app\/de\/category\/obere-medianias\/\" rel=\"tag\">Obere Medianias<\/a><\/div>\n\n\t<\/div>\n\t\n<\/div>\n\n\n<\/div>\n\n<div class=\"wp-block-post-excerpt has-text-color has-contrast-2-color has-small-font-size wp-container-content-32e3a40d\"><p class=\"wp-block-post-excerpt__excerpt\">Auf diesem kurzen Rundweg k\u00f6nnen Sie den kleinen Weiler Las Vegas kennen lernen, der im oberen Mittelland von Granadilla de Abona liegt. Heute ist es das kleinste und abgelegenste Dorf der Gemeinde, aber auch das \u00e4lteste. Nach der Eroberung der Insel und der Aufteilung des Landes wurde dies als der geeignetste Ort f\u00fcr die Gr\u00fcndung&hellip; <\/p><\/div>\n\n\n<div style=\"height:0px\" aria-hidden=\"true\" class=\"wp-block-spacer wp-container-content-32e3a40d\"><\/div>\n<\/div>\n\n<\/li><li class=\"wp-block-post post-2636 post type-post status-publish format-standard has-post-thumbnail hentry category-obere-medianias tag-fusweg\">\n<figure style=\"aspect-ratio:3\/4; padding-bottom:var(--wp--preset--spacing--20);margin-bottom:0;\" class=\"wp-block-post-featured-image\"><a href=\"https:\/\/granadilladeabona.app\/de\/pr-tf-83-3-circular-las-vegas-la-higuera-tames\/\" target=\"_self\"  ><img loading=\"lazy\" decoding=\"async\" width=\"2560\" height=\"1151\" src=\"https:\/\/granadilladeabona.app\/wp-content\/uploads\/2024\/12\/IMG_20240807_130557-scaled.jpg\" class=\"attachment-post-thumbnail size-post-thumbnail wp-post-image\" alt=\"PR-TF 83.3 Circular Las Vegas-La\u00a0Higuera-Tames\" style=\"width:100%;height:100%;object-fit:cover;\" srcset=\"https:\/\/granadilladeabona.app\/wp-content\/uploads\/2024\/12\/IMG_20240807_130557-scaled.jpg 2560w, https:\/\/granadilladeabona.app\/wp-content\/uploads\/2024\/12\/IMG_20240807_130557-300x135.jpg 300w, https:\/\/granadilladeabona.app\/wp-content\/uploads\/2024\/12\/IMG_20240807_130557-1024x461.jpg 1024w, https:\/\/granadilladeabona.app\/wp-content\/uploads\/2024\/12\/IMG_20240807_130557-768x345.jpg 768w, https:\/\/granadilladeabona.app\/wp-content\/uploads\/2024\/12\/IMG_20240807_130557-1536x691.jpg 1536w, https:\/\/granadilladeabona.app\/wp-content\/uploads\/2024\/12\/IMG_20240807_130557-2048x921.jpg 2048w\" sizes=\"auto, (max-width: 2560px) 100vw, 2560px\" \/><\/a><\/figure>\n\n\n<div class=\"wp-block-group is-vertical is-nowrap is-layout-flex wp-container-core-group-is-layout-97ba36a5 wp-block-group-is-layout-flex\" style=\"margin-top:var(--wp--preset--spacing--20);padding-top:0\"><h2 class=\"wp-block-post-title has-large-font-size wp-container-content-32e3a40d\"><a href=\"https:\/\/granadilladeabona.app\/de\/pr-tf-83-3-circular-las-vegas-la-higuera-tames\/\" target=\"_self\" >PR-TF 83.3 Circular Las Vegas-La\u00a0Higuera-Tames<\/a><\/h2>\n\n<div class=\"wp-block-template-part\">\n\n<div class=\"wp-block-group has-global-padding is-layout-constrained wp-block-group-is-layout-constrained\">\n\t\n\t<div class=\"wp-block-group is-content-justification-left is-layout-flex wp-container-core-group-is-layout-dfe8e91f wp-block-group-is-layout-flex\">\n\t\t<div class=\"wp-block-post-date\"><time datetime=\"2024-12-11T02:06:09+00:00\"><a href=\"https:\/\/granadilladeabona.app\/de\/pr-tf-83-3-circular-las-vegas-la-higuera-tames\/\">Dez. 11, 2024<\/a><\/time><\/div>\n\n\t\t\n\t\t<p class=\"has-contrast-2-color has-text-color\">\u2014<\/p>\n\t\t\n\n\t\t\n\t\t<p class=\"has-small-font-size has-contrast-2-color has-text-color\">von<\/p>\n\t\t\n\n\t\t<div class=\"wp-block-post-author-name\"><a href=\"https:\/\/granadilladeabona.app\/de\/author\/itinerarios\/\" target=\"_self\" class=\"wp-block-post-author-name__link\">Itinerarios Paisaj\u00edsticos<\/a><\/div>\n\n\t\t<div class=\"taxonomy-category wp-block-post-terms\"><span class=\"wp-block-post-terms__prefix\">in <\/span><a href=\"https:\/\/granadilladeabona.app\/de\/category\/obere-medianias\/\" rel=\"tag\">Obere Medianias<\/a><\/div>\n\n\t<\/div>\n\t\n<\/div>\n\n\n<\/div>\n\n<div class=\"wp-block-post-excerpt has-text-color has-contrast-2-color has-small-font-size wp-container-content-32e3a40d\"><p class=\"wp-block-post-excerpt__excerpt\">Dieser Rundweg f\u00fchrt uns in das Hochland der Gemeinde, wo wir die Geschichte der Ausbeutung der Kiefernw\u00e4lder des S\u00fcdens kennen lernen. Der Bedarf an Pech f\u00fcr die Abdichtung von Schiffen auf ihrer Reise nach Amerika f\u00fchrte zur Verbreitung von Brenn\u00f6fen, die es aus dem Holz der kanarischen Kiefer destillierten. Angesichts der beginnenden Abholzung und der&hellip; <\/p><\/div>\n\n\n<div style=\"height:0px\" aria-hidden=\"true\" class=\"wp-block-spacer wp-container-content-32e3a40d\"><\/div>\n<\/div>\n\n<\/li><li class=\"wp-block-post post-2640 post type-post status-publish format-standard has-post-thumbnail hentry category-unkategorisiert category-untere-medianias tag-fusweg\">\n<figure style=\"aspect-ratio:3\/4; padding-bottom:var(--wp--preset--spacing--20);margin-bottom:0;\" class=\"wp-block-post-featured-image\"><a href=\"https:\/\/granadilladeabona.app\/de\/pr-tf-83-4-camino-real-granadilla-las-vegas\/\" target=\"_self\"  ><img loading=\"lazy\" decoding=\"async\" width=\"2560\" height=\"1920\" src=\"https:\/\/granadilladeabona.app\/wp-content\/uploads\/2024\/12\/principal_PR-TF-83_4-scaled.jpg\" class=\"attachment-post-thumbnail size-post-thumbnail wp-post-image\" alt=\"PR-TF 83.4 Camino Real Granadilla-Las Vegas\" style=\"width:100%;height:100%;object-fit:cover;\" srcset=\"https:\/\/granadilladeabona.app\/wp-content\/uploads\/2024\/12\/principal_PR-TF-83_4-scaled.jpg 2560w, https:\/\/granadilladeabona.app\/wp-content\/uploads\/2024\/12\/principal_PR-TF-83_4-300x225.jpg 300w, https:\/\/granadilladeabona.app\/wp-content\/uploads\/2024\/12\/principal_PR-TF-83_4-1024x768.jpg 1024w, https:\/\/granadilladeabona.app\/wp-content\/uploads\/2024\/12\/principal_PR-TF-83_4-768x576.jpg 768w, https:\/\/granadilladeabona.app\/wp-content\/uploads\/2024\/12\/principal_PR-TF-83_4-1536x1152.jpg 1536w, https:\/\/granadilladeabona.app\/wp-content\/uploads\/2024\/12\/principal_PR-TF-83_4-2048x1536.jpg 2048w\" sizes=\"auto, (max-width: 2560px) 100vw, 2560px\" \/><\/a><\/figure>\n\n\n<div class=\"wp-block-group is-vertical is-nowrap is-layout-flex wp-container-core-group-is-layout-97ba36a5 wp-block-group-is-layout-flex\" style=\"margin-top:var(--wp--preset--spacing--20);padding-top:0\"><h2 class=\"wp-block-post-title has-large-font-size wp-container-content-32e3a40d\"><a href=\"https:\/\/granadilladeabona.app\/de\/pr-tf-83-4-camino-real-granadilla-las-vegas\/\" target=\"_self\" >PR-TF 83.4 Camino Real Granadilla-Las Vegas<\/a><\/h2>\n\n<div class=\"wp-block-template-part\">\n\n<div class=\"wp-block-group has-global-padding is-layout-constrained wp-block-group-is-layout-constrained\">\n\t\n\t<div class=\"wp-block-group is-content-justification-left is-layout-flex wp-container-core-group-is-layout-dfe8e91f wp-block-group-is-layout-flex\">\n\t\t<div class=\"wp-block-post-date\"><time datetime=\"2024-12-11T02:09:24+00:00\"><a href=\"https:\/\/granadilladeabona.app\/de\/pr-tf-83-4-camino-real-granadilla-las-vegas\/\">Dez. 11, 2024<\/a><\/time><\/div>\n\n\t\t\n\t\t<p class=\"has-contrast-2-color has-text-color\">\u2014<\/p>\n\t\t\n\n\t\t\n\t\t<p class=\"has-small-font-size has-contrast-2-color has-text-color\">von<\/p>\n\t\t\n\n\t\t<div class=\"wp-block-post-author-name\"><a href=\"https:\/\/granadilladeabona.app\/de\/author\/itinerarios\/\" target=\"_self\" class=\"wp-block-post-author-name__link\">Itinerarios Paisaj\u00edsticos<\/a><\/div>\n\n\t\t<div class=\"taxonomy-category wp-block-post-terms\"><span class=\"wp-block-post-terms__prefix\">in <\/span><a href=\"https:\/\/granadilladeabona.app\/de\/category\/unkategorisiert\/\" rel=\"tag\">Unkategorisiert<\/a><span class=\"wp-block-post-terms__separator\">, <\/span><a href=\"https:\/\/granadilladeabona.app\/de\/category\/untere-medianias\/\" rel=\"tag\">Untere Medianias<\/a><\/div>\n\n\t<\/div>\n\t\n<\/div>\n\n\n<\/div>\n\n<div class=\"wp-block-post-excerpt has-text-color has-contrast-2-color has-small-font-size wp-container-content-32e3a40d\"><p class=\"wp-block-post-excerpt__excerpt\">Dieser Weg verbindet das Stadtzentrum von Granadilla mit dem Weiler Las Vegas, dem ersten Bev\u00f6lkerungszentrum der Gemeinde. Vor dem Bau der Carretera General del Sur in den f\u00fcnfziger Jahren des 20. Jahrhunderts wurde die interne Kommunikation zwischen den D\u00f6rfern des unteren Mittellandes und der Austausch von Produkten haupts\u00e4chlich \u00fcber den Camino Real (K\u00f6nigsweg) abgewickelt. Die&hellip; <\/p><\/div>\n\n\n<div style=\"height:0px\" aria-hidden=\"true\" class=\"wp-block-spacer wp-container-content-32e3a40d\"><\/div>\n<\/div>\n\n<\/li><li class=\"wp-block-post post-2646 post type-post status-publish format-standard has-post-thumbnail hentry category-unkategorisiert category-untere-medianias tag-fusweg\">\n<figure style=\"aspect-ratio:3\/4; padding-bottom:var(--wp--preset--spacing--20);margin-bottom:0;\" class=\"wp-block-post-featured-image\"><a href=\"https:\/\/granadilladeabona.app\/de\/pr-tf-83-5-camino-real-granadilla-san-miguel\/\" target=\"_self\"  ><img loading=\"lazy\" decoding=\"async\" width=\"2560\" height=\"1920\" src=\"https:\/\/granadilladeabona.app\/wp-content\/uploads\/2024\/12\/principal_PR-TF-83_5-scaled.jpg\" class=\"attachment-post-thumbnail size-post-thumbnail wp-post-image\" alt=\"PR-TF 83.5 Camino Real Granadilla-San Miguel\" style=\"width:100%;height:100%;object-fit:cover;\" srcset=\"https:\/\/granadilladeabona.app\/wp-content\/uploads\/2024\/12\/principal_PR-TF-83_5-scaled.jpg 2560w, https:\/\/granadilladeabona.app\/wp-content\/uploads\/2024\/12\/principal_PR-TF-83_5-300x225.jpg 300w, https:\/\/granadilladeabona.app\/wp-content\/uploads\/2024\/12\/principal_PR-TF-83_5-1024x768.jpg 1024w, https:\/\/granadilladeabona.app\/wp-content\/uploads\/2024\/12\/principal_PR-TF-83_5-768x576.jpg 768w, https:\/\/granadilladeabona.app\/wp-content\/uploads\/2024\/12\/principal_PR-TF-83_5-1536x1152.jpg 1536w, https:\/\/granadilladeabona.app\/wp-content\/uploads\/2024\/12\/principal_PR-TF-83_5-2048x1536.jpg 2048w\" sizes=\"auto, (max-width: 2560px) 100vw, 2560px\" \/><\/a><\/figure>\n\n\n<div class=\"wp-block-group is-vertical is-nowrap is-layout-flex wp-container-core-group-is-layout-97ba36a5 wp-block-group-is-layout-flex\" style=\"margin-top:var(--wp--preset--spacing--20);padding-top:0\"><h2 class=\"wp-block-post-title has-large-font-size wp-container-content-32e3a40d\"><a href=\"https:\/\/granadilladeabona.app\/de\/pr-tf-83-5-camino-real-granadilla-san-miguel\/\" target=\"_self\" >PR-TF 83.5 Camino Real Granadilla-San Miguel<\/a><\/h2>\n\n<div class=\"wp-block-template-part\">\n\n<div class=\"wp-block-group has-global-padding is-layout-constrained wp-block-group-is-layout-constrained\">\n\t\n\t<div class=\"wp-block-group is-content-justification-left is-layout-flex wp-container-core-group-is-layout-dfe8e91f wp-block-group-is-layout-flex\">\n\t\t<div class=\"wp-block-post-date\"><time datetime=\"2024-12-11T02:15:34+00:00\"><a href=\"https:\/\/granadilladeabona.app\/de\/pr-tf-83-5-camino-real-granadilla-san-miguel\/\">Dez. 11, 2024<\/a><\/time><\/div>\n\n\t\t\n\t\t<p class=\"has-contrast-2-color has-text-color\">\u2014<\/p>\n\t\t\n\n\t\t\n\t\t<p class=\"has-small-font-size has-contrast-2-color has-text-color\">von<\/p>\n\t\t\n\n\t\t<div class=\"wp-block-post-author-name\"><a href=\"https:\/\/granadilladeabona.app\/de\/author\/itinerarios\/\" target=\"_self\" class=\"wp-block-post-author-name__link\">Itinerarios Paisaj\u00edsticos<\/a><\/div>\n\n\t\t<div class=\"taxonomy-category wp-block-post-terms\"><span class=\"wp-block-post-terms__prefix\">in <\/span><a href=\"https:\/\/granadilladeabona.app\/de\/category\/unkategorisiert\/\" rel=\"tag\">Unkategorisiert<\/a><span class=\"wp-block-post-terms__separator\">, <\/span><a href=\"https:\/\/granadilladeabona.app\/de\/category\/untere-medianias\/\" rel=\"tag\">Untere Medianias<\/a><\/div>\n\n\t<\/div>\n\t\n<\/div>\n\n\n<\/div>\n\n<div class=\"wp-block-post-excerpt has-text-color has-contrast-2-color has-small-font-size wp-container-content-32e3a40d\"><p class=\"wp-block-post-excerpt__excerpt\">Der Camino Real del Sur wurde in der zweiten H\u00e4lfte des 16. Jahrhunderts gebaut, um die Hauptstadt mit den wichtigsten St\u00e4dten im S\u00fcden der Insel zu verbinden. Dieser Weg bietet die M\u00f6glichkeit, das kulturelle und ethnografische Erbe dieses wichtigen Verbindungsweges kennenzulernen. Die Route beginnt an der Stra\u00dfe Las Aguilillas in Richtung Charco del Pino. Sie&hellip; <\/p><\/div>\n\n\n<div style=\"height:0px\" aria-hidden=\"true\" class=\"wp-block-spacer wp-container-content-32e3a40d\"><\/div>\n<\/div>\n\n<\/li><\/ul>\n\n\n<div style=\"margin-top:0;margin-bottom:0;height:var(--wp--preset--spacing--40)\" aria-hidden=\"true\" class=\"wp-block-spacer\"><\/div>\n\n\n<\/div>\n<\/div>\n","protected":false},"excerpt":{"rendered":"","protected":false},"author":1,"featured_media":1866,"parent":0,"menu_order":0,"comment_status":"closed","ping_status":"closed","template":"page-no-title","meta":{"footnotes":""},"class_list":["post-2677","page","type-page","status-publish","has-post-thumbnail","hentry"],"_links":{"self":[{"href":"https:\/\/granadilladeabona.app\/de\/wp-json\/wp\/v2\/pages\/2677","targetHints":{"allow":["GET"]}}],"collection":[{"href":"https:\/\/granadilladeabona.app\/de\/wp-json\/wp\/v2\/pages"}],"about":[{"href":"https:\/\/granadilladeabona.app\/de\/wp-json\/wp\/v2\/types\/page"}],"author":[{"embeddable":true,"href":"https:\/\/granadilladeabona.app\/de\/wp-json\/wp\/v2\/users\/1"}],"replies":[{"embeddable":true,"href":"https:\/\/granadilladeabona.app\/de\/wp-json\/wp\/v2\/comments?post=2677"}],"version-history":[{"count":1,"href":"https:\/\/granadilladeabona.app\/de\/wp-json\/wp\/v2\/pages\/2677\/revisions"}],"predecessor-version":[{"id":2679,"href":"https:\/\/granadilladeabona.app\/de\/wp-json\/wp\/v2\/pages\/2677\/revisions\/2679"}],"wp:featuredmedia":[{"embeddable":true,"href":"https:\/\/granadilladeabona.app\/de\/wp-json\/wp\/v2\/media\/1866"}],"wp:attachment":[{"href":"https:\/\/granadilladeabona.app\/de\/wp-json\/wp\/v2\/media?parent=2677"}],"curies":[{"name":"wp","href":"https:\/\/api.w.org\/{rel}","templated":true}]}}