{"id":2739,"date":"2024-11-26T05:39:33","date_gmt":"2024-11-26T05:39:33","guid":{"rendered":"https:\/\/granadilladeabona.app\/itinerarios-paisajisticos\/"},"modified":"2024-12-14T15:49:13","modified_gmt":"2024-12-14T15:49:13","slug":"itinerarios-paisajisticos","status":"publish","type":"page","link":"http:\/\/granadilladeabona.app\/de\/","title":{"rendered":"Landschaftspfade f\u00fcr Nachhaltigkeit"},"content":{"rendered":"\n<div class=\"wp-block-group alignfull is-nowrap is-layout-flex wp-container-core-group-is-layout-65fe999b wp-block-group-is-layout-flex\" style=\"padding-top:var(--wp--preset--spacing--50);padding-right:var(--wp--preset--spacing--50);padding-bottom:var(--wp--preset--spacing--50);padding-left:var(--wp--preset--spacing--50)\">\n<div class=\"wp-block-cb-carousel cb-single-slide\" data-slick=\"{&quot;slidesToShow&quot;:1,&quot;slidesToScroll&quot;:1,&quot;speed&quot;:300,&quot;arrows&quot;:false,&quot;dots&quot;:true,&quot;autoplay&quot;:false,&quot;autoplaySpeed&quot;:3000,&quot;infinite&quot;:false,&quot;responsive&quot;:[{&quot;breakpoint&quot;:1281,&quot;settings&quot;:{&quot;slidesToShow&quot;:1,&quot;slidesToScroll&quot;:1}}]}\">\n<div class=\"wp-block-cb-slide\">\n<figure class=\"wp-block-image alignwide size-full is-style-rounded is-style-rounded--1\"><img loading=\"lazy\" decoding=\"async\" width=\"1920\" height=\"1081\" src=\"https:\/\/granadilladeabona.app\/wp-content\/uploads\/2024\/11\/00_1731313830184-1.jpg\" alt=\"\" class=\"wp-image-1864\" srcset=\"http:\/\/granadilladeabona.app\/wp-content\/uploads\/2024\/11\/00_1731313830184-1.jpg 1920w, http:\/\/granadilladeabona.app\/wp-content\/uploads\/2024\/11\/00_1731313830184-1-300x169.jpg 300w, http:\/\/granadilladeabona.app\/wp-content\/uploads\/2024\/11\/00_1731313830184-1-1024x577.jpg 1024w, http:\/\/granadilladeabona.app\/wp-content\/uploads\/2024\/11\/00_1731313830184-1-768x432.jpg 768w, http:\/\/granadilladeabona.app\/wp-content\/uploads\/2024\/11\/00_1731313830184-1-1536x865.jpg 1536w\" sizes=\"auto, (max-width: 1920px) 100vw, 1920px\" \/><\/figure>\n<\/div>\n\n\n\n<div class=\"wp-block-cb-slide\">\n<figure class=\"wp-block-image size-full is-style-rounded is-style-rounded--2\"><img loading=\"lazy\" decoding=\"async\" width=\"2560\" height=\"1442\" src=\"https:\/\/granadilladeabona.app\/wp-content\/uploads\/2024\/12\/IMG_20240807_100333-scaled.jpg\" alt=\"\" class=\"wp-image-2398\" style=\"aspect-ratio:16\/9;object-fit:cover\" srcset=\"http:\/\/granadilladeabona.app\/wp-content\/uploads\/2024\/12\/IMG_20240807_100333-scaled.jpg 2560w, http:\/\/granadilladeabona.app\/wp-content\/uploads\/2024\/12\/IMG_20240807_100333-300x169.jpg 300w, http:\/\/granadilladeabona.app\/wp-content\/uploads\/2024\/12\/IMG_20240807_100333-1024x577.jpg 1024w, http:\/\/granadilladeabona.app\/wp-content\/uploads\/2024\/12\/IMG_20240807_100333-768x433.jpg 768w, http:\/\/granadilladeabona.app\/wp-content\/uploads\/2024\/12\/IMG_20240807_100333-1536x865.jpg 1536w, http:\/\/granadilladeabona.app\/wp-content\/uploads\/2024\/12\/IMG_20240807_100333-2048x1153.jpg 2048w\" sizes=\"auto, (max-width: 2560px) 100vw, 2560px\" \/><\/figure>\n<\/div>\n\n\n\n<div class=\"wp-block-cb-slide\">\n<figure class=\"wp-block-image size-full is-style-rounded is-style-rounded--3\"><img loading=\"lazy\" decoding=\"async\" width=\"2560\" height=\"1151\" src=\"https:\/\/granadilladeabona.app\/wp-content\/uploads\/2024\/12\/IMG_20240807_130557-scaled.jpg\" alt=\"\" class=\"wp-image-2407\" style=\"aspect-ratio:16\/9;object-fit:cover\" srcset=\"http:\/\/granadilladeabona.app\/wp-content\/uploads\/2024\/12\/IMG_20240807_130557-scaled.jpg 2560w, http:\/\/granadilladeabona.app\/wp-content\/uploads\/2024\/12\/IMG_20240807_130557-300x135.jpg 300w, http:\/\/granadilladeabona.app\/wp-content\/uploads\/2024\/12\/IMG_20240807_130557-1024x461.jpg 1024w, http:\/\/granadilladeabona.app\/wp-content\/uploads\/2024\/12\/IMG_20240807_130557-768x345.jpg 768w, http:\/\/granadilladeabona.app\/wp-content\/uploads\/2024\/12\/IMG_20240807_130557-1536x691.jpg 1536w, http:\/\/granadilladeabona.app\/wp-content\/uploads\/2024\/12\/IMG_20240807_130557-2048x921.jpg 2048w\" sizes=\"auto, (max-width: 2560px) 100vw, 2560px\" \/><\/figure>\n<\/div>\n<\/div>\n<\/div>\n\n\n\n<div class=\"wp-block-group alignfull has-accent-background-color has-background has-global-padding is-layout-constrained wp-container-core-group-is-layout-669513ed wp-block-group-is-layout-constrained\" style=\"margin-top:0;margin-bottom:0;padding-top:var(--wp--preset--spacing--50);padding-right:var(--wp--preset--spacing--50);padding-bottom:var(--wp--preset--spacing--50);padding-left:var(--wp--preset--spacing--50)\">\n<div class=\"wp-block-columns alignwide is-layout-flex wp-container-core-columns-is-layout-1da03c2a wp-block-columns-is-layout-flex\">\n<div class=\"wp-block-column is-vertically-aligned-stretch is-layout-flow wp-block-column-is-layout-flow\" style=\"flex-basis:50%\">\n<div class=\"wp-block-group is-vertical is-content-justification-stretch is-layout-flex wp-container-core-group-is-layout-444d5ee8 wp-block-group-is-layout-flex\" style=\"min-height:100%\">\n<p class=\"has-heading-font-family has-x-large-font-size\" style=\"line-height:1.2\">Entdecken Sie, wie die Stadtverwaltung von Granadilla de Abona ein Modell der nachhaltigen Entwicklung f\u00f6rdert, das die F\u00f6rderung des kulturellen Erbes mit dem Schutz der Umwelt verbindet.<\/p>\n\n\n\n<p class=\"has-heading-font-family has-x-large-font-size\" style=\"line-height:1.2\"><strong><strong>Erkunden Sie unsere Wege und seien Sie Teil des Wandels!<\/strong><\/strong><\/p>\n\n\n\n<div class=\"wp-block-group has-global-padding is-content-justification-left is-layout-constrained wp-container-core-group-is-layout-9fe8ed88 wp-block-group-is-layout-constrained\">\n<p class=\"wp-container-content-0733e5d0\">Wenn Sie mehr \u00fcber das Projekt erfahren m\u00f6chten, besuchen Sie bitte diese Seite.<\/p>\n\n\n\n<div class=\"wp-block-buttons is-layout-flex wp-block-buttons-is-layout-flex\">\n<div class=\"wp-block-button\"><a class=\"wp-block-button__link wp-element-button\" href=\"https:\/\/granadilladeabona.app\/de\/das-projekt\/\">Das Projekt<\/a><\/div>\n<\/div>\n<\/div>\n<\/div>\n<\/div>\n\n\n\n<div class=\"wp-block-column is-vertically-aligned-center is-layout-flow wp-block-column-is-layout-flow\" style=\"flex-basis:50%\">\n<figure class=\"wp-block-image size-large is-style-rounded is-style-rounded--4\"><img loading=\"lazy\" decoding=\"async\" width=\"1024\" height=\"683\" src=\"http:\/\/granadilladeabona.app\/wp-content\/uploads\/2024\/11\/IMGP2290-1024x683.jpg\" alt=\"\" class=\"wp-image-2179\" style=\"aspect-ratio:3\/4;object-fit:cover\" srcset=\"http:\/\/granadilladeabona.app\/wp-content\/uploads\/2024\/11\/IMGP2290-1024x683.jpg 1024w, http:\/\/granadilladeabona.app\/wp-content\/uploads\/2024\/11\/IMGP2290-300x200.jpg 300w, http:\/\/granadilladeabona.app\/wp-content\/uploads\/2024\/11\/IMGP2290-768x513.jpg 768w, http:\/\/granadilladeabona.app\/wp-content\/uploads\/2024\/11\/IMGP2290-1536x1025.jpg 1536w, http:\/\/granadilladeabona.app\/wp-content\/uploads\/2024\/11\/IMGP2290-2048x1367.jpg 2048w\" sizes=\"auto, (max-width: 1024px) 100vw, 1024px\" \/><\/figure>\n<\/div>\n<\/div>\n<\/div>\n\n\n\n<div class=\"wp-block-group alignfull has-base-background-color has-background has-global-padding is-layout-constrained wp-container-core-group-is-layout-d89aad35 wp-block-group-is-layout-constrained\" style=\"margin-top:0;margin-bottom:0;padding-top:var(--wp--preset--spacing--50);padding-right:var(--wp--preset--spacing--50);padding-bottom:var(--wp--preset--spacing--50);padding-left:var(--wp--preset--spacing--50)\">\n<div class=\"wp-block-columns alignwide is-layout-flex wp-container-core-columns-is-layout-549b0c86 wp-block-columns-is-layout-flex\">\n<div class=\"wp-block-column has-global-padding is-content-justification-left is-layout-constrained wp-container-core-column-is-layout-4f15e8fe wp-block-column-is-layout-constrained\" style=\"flex-basis:40%\">\n<p class=\"has-contrast-color has-text-color has-link-color has-medium-font-size wp-elements-08ea8f4ae7f84f83b13ed438331c67b5\">Wir schlagen drei landschaftlich reizvolle Routen und sechs ausgeschilderte Wanderwege durch die Geografie von Granadilla de Abona im S\u00fcden Teneriffas vor.<\/p>\n<\/div>\n\n\n\n<div class=\"wp-block-column is-layout-flow wp-container-core-column-is-layout-119bc444 wp-block-column-is-layout-flow\" style=\"flex-basis:60%\">\n<p class=\"has-heading-font-family has-x-large-font-size\" style=\"line-height:1.2\">Folgen Sie den Spuren unserer Vorfahren auf den Wanderwegen von Granadilla de Abona!<\/p>\n\n\n\n<div class=\"wp-block-columns is-layout-flex wp-container-core-columns-is-layout-87beb0d0 wp-block-columns-is-layout-flex\">\n<div class=\"wp-block-column is-layout-flow wp-block-column-is-layout-flow\">\n<p class=\"wp-container-content-9cfa9a5a\">Wir laden Sie ein, Granadilla de Abona \u00fcber ein Netz von ausgeschilderten Wanderwegen zu entdecken. Sie k\u00f6nnen zwischen drei landschaftlich reizvollen Routen w\u00e4hlen: dem Camino Real durch das untere Mittelland, dem Rundweg Las Vegas durch das obere Mittelland oder der faszinierenden Mondlandschaft in der Gipfelregion.<\/p>\n<\/div>\n\n\n\n<div class=\"wp-block-column is-layout-flow wp-block-column-is-layout-flow\">\n<p>Jede Route bietet je nach Startpunkt unterschiedliche Strecken. Ber\u00fccksichtigen Sie die Entfernung, die erforderliche Anstrengung und die Wetterbedingungen am gew\u00e4hlten Tag. Denken Sie daran, geeignete Kleidung und Schuhe f\u00fcr Wanderungen in der Natur sowie Sonnenschutz, Wasser und ausreichend Verpflegung mitzunehmen. Eine gute Planung ist das A und O, um das Beste aus dem Erlebnis zu machen.<\/p>\n<\/div>\n<\/div>\n<\/div>\n<\/div>\n<\/div>\n\n\n\n<div class=\"wp-block-group alignfull has-accent-5-background-color has-background has-global-padding is-layout-constrained wp-container-core-group-is-layout-d89aad35 wp-block-group-is-layout-constrained\" style=\"margin-top:0;margin-bottom:0;padding-top:var(--wp--preset--spacing--50);padding-right:var(--wp--preset--spacing--50);padding-bottom:var(--wp--preset--spacing--50);padding-left:var(--wp--preset--spacing--50)\">\n<div class=\"wp-block-columns alignwide is-layout-flex wp-container-core-columns-is-layout-1da03c2a wp-block-columns-is-layout-flex\">\n<div class=\"wp-block-column is-vertically-aligned-center is-layout-flow wp-block-column-is-layout-flow\" style=\"flex-basis:60%\">\n<figure class=\"wp-block-image size-full is-style-rounded wp-duotone-unset-6 is-style-rounded--5\"><img loading=\"lazy\" decoding=\"async\" width=\"871\" height=\"635\" src=\"https:\/\/granadilladeabona.app\/wp-content\/uploads\/2024\/12\/itinerarios-paisajisticos-red-senderos.png\" alt=\"\" class=\"wp-image-2387\" style=\"aspect-ratio:4\/3;object-fit:cover\" srcset=\"http:\/\/granadilladeabona.app\/wp-content\/uploads\/2024\/12\/itinerarios-paisajisticos-red-senderos.png 871w, http:\/\/granadilladeabona.app\/wp-content\/uploads\/2024\/12\/itinerarios-paisajisticos-red-senderos-300x219.png 300w, http:\/\/granadilladeabona.app\/wp-content\/uploads\/2024\/12\/itinerarios-paisajisticos-red-senderos-768x560.png 768w\" sizes=\"auto, (max-width: 871px) 100vw, 871px\" \/><\/figure>\n<\/div>\n\n\n\n<div class=\"wp-block-column is-layout-flow wp-block-column-is-layout-flow\" style=\"flex-basis:40%\">\n<h2 class=\"wp-block-heading\">Zugriff auf den Viewer<\/h2>\n\n\n\n<p>Konsultieren Sie das Layout der Routen und der einzelnen Wanderwege. \u00dcberpr\u00fcfen Sie das topografische Profil der Route und die Lage der wichtigsten Sehensw\u00fcrdigkeiten entlang der Strecke.<\/p>\n\n\n\n<div class=\"wp-block-buttons is-layout-flex wp-block-buttons-is-layout-flex\">\n<div class=\"wp-block-button\"><a class=\"wp-block-button__link wp-element-button\" href=\"https:\/\/granadilladeabona.app\/de\/trail-viewer\/\">Zum Viewer gehen<\/a><\/div>\n<\/div>\n<\/div>\n<\/div>\n<\/div>\n\n\n\n<div class=\"wp-block-group alignfull has-global-padding is-layout-constrained wp-container-core-group-is-layout-669513ed wp-block-group-is-layout-constrained\" style=\"margin-top:0;margin-bottom:0;padding-top:var(--wp--preset--spacing--50);padding-right:var(--wp--preset--spacing--50);padding-bottom:var(--wp--preset--spacing--50);padding-left:var(--wp--preset--spacing--50)\">\n<div class=\"wp-block-group is-vertical is-content-justification-center is-layout-flex wp-container-core-group-is-layout-ce155fab wp-block-group-is-layout-flex\">\n<h2 class=\"wp-block-heading has-text-align-center has-xx-large-font-size\">Lernen Sie die Reiserouten kennen<\/h2>\n\n\n\n<p class=\"has-text-align-center\">Machen Sie einen Schritt in Richtung Nachhaltigkeit, indem Sie sich mit der Natur verbinden und die Tipps auf dem Weg befolgen.<\/p>\n<\/div>\n\n\n\n<div style=\"height:var(--wp--preset--spacing--30)\" aria-hidden=\"true\" class=\"wp-block-spacer\"><\/div>\n\n\n\n<div class=\"wp-block-columns alignwide is-layout-flex wp-container-core-columns-is-layout-4935966c wp-block-columns-is-layout-flex\" style=\"padding-right:0;padding-left:0\">\n<div class=\"wp-block-column is-layout-flow wp-block-column-is-layout-flow\">\n<figure class=\"wp-block-image size-full is-style-rounded is-style-rounded--7\"><a href=\"https:\/\/granadilladeabona.app\/de\/gipfellandschaften\/\"><img loading=\"lazy\" decoding=\"async\" width=\"1728\" height=\"1296\" src=\"http:\/\/granadilladeabona.app\/wp-content\/uploads\/2024\/11\/Paisaje-LunararribaGeneral3.jpg\" alt=\"\" class=\"wp-image-2201\" style=\"aspect-ratio:1;object-fit:cover\" srcset=\"http:\/\/granadilladeabona.app\/wp-content\/uploads\/2024\/11\/Paisaje-LunararribaGeneral3.jpg 1728w, http:\/\/granadilladeabona.app\/wp-content\/uploads\/2024\/11\/Paisaje-LunararribaGeneral3-300x225.jpg 300w, http:\/\/granadilladeabona.app\/wp-content\/uploads\/2024\/11\/Paisaje-LunararribaGeneral3-1024x768.jpg 1024w, http:\/\/granadilladeabona.app\/wp-content\/uploads\/2024\/11\/Paisaje-LunararribaGeneral3-768x576.jpg 768w, http:\/\/granadilladeabona.app\/wp-content\/uploads\/2024\/11\/Paisaje-LunararribaGeneral3-1536x1152.jpg 1536w\" sizes=\"auto, (max-width: 1728px) 100vw, 1728px\" \/><\/a><\/figure>\n\n\n\n<div class=\"wp-block-group is-vertical is-content-justification-center is-nowrap is-layout-flex wp-container-core-group-is-layout-21d4e958 wp-block-group-is-layout-flex\">\n<p class=\"has-text-align-center has-small-font-size\"><strong><strong>Landschaft auf dem Gipfel<\/strong><\/strong><\/p>\n\n\n\n<p class=\"has-text-align-center has-small-font-size\">Abfahrt von Granadilla oder Las Vegas, um die spektakul\u00e4re Mondlandschaft zu erreichen.<\/p>\n<\/div>\n<\/div>\n\n\n\n<div class=\"wp-block-column is-layout-flow wp-block-column-is-layout-flow\">\n<figure class=\"wp-block-image size-full is-style-rounded is-style-rounded--8\"><a href=\"https:\/\/granadilladeabona.app\/de\/obere-medianias\/\"><img loading=\"lazy\" decoding=\"async\" width=\"1798\" height=\"1200\" src=\"http:\/\/granadilladeabona.app\/wp-content\/uploads\/2024\/11\/00_P11_IMGP2293.jpg\" alt=\"\" class=\"wp-image-2234\" style=\"aspect-ratio:1;object-fit:cover\" srcset=\"http:\/\/granadilladeabona.app\/wp-content\/uploads\/2024\/11\/00_P11_IMGP2293.jpg 1798w, http:\/\/granadilladeabona.app\/wp-content\/uploads\/2024\/11\/00_P11_IMGP2293-300x200.jpg 300w, http:\/\/granadilladeabona.app\/wp-content\/uploads\/2024\/11\/00_P11_IMGP2293-1024x683.jpg 1024w, http:\/\/granadilladeabona.app\/wp-content\/uploads\/2024\/11\/00_P11_IMGP2293-768x513.jpg 768w, http:\/\/granadilladeabona.app\/wp-content\/uploads\/2024\/11\/00_P11_IMGP2293-1536x1025.jpg 1536w\" sizes=\"auto, (max-width: 1798px) 100vw, 1798px\" \/><\/a><\/figure>\n\n\n\n<div class=\"wp-block-group is-vertical is-content-justification-center is-nowrap is-layout-flex wp-container-core-group-is-layout-63bfd6c1 wp-block-group-is-layout-flex\">\n<p class=\"has-text-align-center has-small-font-size\"><strong><strong>Mittelland<\/strong><\/strong><\/p>\n\n\n\n<p class=\"has-text-align-center has-small-font-size\">Zwei Rundwege vom Weiler Las Vegas durch die Kornkammer im S\u00fcden Teneriffas.<\/p>\n<\/div>\n<\/div>\n\n\n\n<div class=\"wp-block-column is-layout-flow wp-block-column-is-layout-flow\">\n<figure class=\"wp-block-image size-full is-style-rounded is-style-rounded--9\"><a href=\"https:\/\/granadilladeabona.app\/de\/untere-medianias\/\"><img loading=\"lazy\" decoding=\"async\" width=\"1920\" height=\"1081\" src=\"http:\/\/granadilladeabona.app\/wp-content\/uploads\/2024\/11\/00_IMG_20240805_095416.jpg\" alt=\"\" class=\"wp-image-2255\" style=\"aspect-ratio:1;object-fit:cover\" srcset=\"http:\/\/granadilladeabona.app\/wp-content\/uploads\/2024\/11\/00_IMG_20240805_095416.jpg 1920w, http:\/\/granadilladeabona.app\/wp-content\/uploads\/2024\/11\/00_IMG_20240805_095416-300x169.jpg 300w, http:\/\/granadilladeabona.app\/wp-content\/uploads\/2024\/11\/00_IMG_20240805_095416-1024x577.jpg 1024w, http:\/\/granadilladeabona.app\/wp-content\/uploads\/2024\/11\/00_IMG_20240805_095416-768x432.jpg 768w, http:\/\/granadilladeabona.app\/wp-content\/uploads\/2024\/11\/00_IMG_20240805_095416-1536x865.jpg 1536w\" sizes=\"auto, (max-width: 1920px) 100vw, 1920px\" \/><\/a><\/figure>\n\n\n\n<div class=\"wp-block-group is-vertical is-content-justification-center is-nowrap is-layout-flex wp-container-core-group-is-layout-63bfd6c1 wp-block-group-is-layout-flex\">\n<p class=\"has-text-align-center has-small-font-size\"><strong><strong>Unteres Mittelland<\/strong><\/strong><\/p>\n\n\n\n<p class=\"has-text-align-center has-small-font-size\">Eine Route entlang des alten Camino Real del Sur und der Jable-Landschaft.<\/p>\n<\/div>\n<\/div>\n<\/div>\n<\/div>\n","protected":false},"excerpt":{"rendered":"<p>Entdecken Sie, wie die Stadtverwaltung von Granadilla de Abona ein Modell der nachhaltigen Entwicklung f\u00f6rdert, das die F\u00f6rderung des kulturellen Erbes mit dem Schutz der Umwelt verbindet. Erkunden Sie unsere Wege und seien Sie Teil des Wandels! Wenn Sie mehr \u00fcber das Projekt erfahren m\u00f6chten, besuchen Sie bitte diese Seite. Wir schlagen drei landschaftlich reizvolle [&hellip;]<\/p>\n","protected":false},"author":1,"featured_media":0,"parent":0,"menu_order":0,"comment_status":"closed","ping_status":"closed","template":"page-no-title","meta":{"footnotes":""},"class_list":["post-2739","page","type-page","status-publish","hentry"],"_links":{"self":[{"href":"http:\/\/granadilladeabona.app\/de\/wp-json\/wp\/v2\/pages\/2739","targetHints":{"allow":["GET"]}}],"collection":[{"href":"http:\/\/granadilladeabona.app\/de\/wp-json\/wp\/v2\/pages"}],"about":[{"href":"http:\/\/granadilladeabona.app\/de\/wp-json\/wp\/v2\/types\/page"}],"author":[{"embeddable":true,"href":"http:\/\/granadilladeabona.app\/de\/wp-json\/wp\/v2\/users\/1"}],"replies":[{"embeddable":true,"href":"http:\/\/granadilladeabona.app\/de\/wp-json\/wp\/v2\/comments?post=2739"}],"version-history":[{"count":5,"href":"http:\/\/granadilladeabona.app\/de\/wp-json\/wp\/v2\/pages\/2739\/revisions"}],"predecessor-version":[{"id":2805,"href":"http:\/\/granadilladeabona.app\/de\/wp-json\/wp\/v2\/pages\/2739\/revisions\/2805"}],"wp:attachment":[{"href":"http:\/\/granadilladeabona.app\/de\/wp-json\/wp\/v2\/media?parent=2739"}],"curies":[{"name":"wp","href":"https:\/\/api.w.org\/{rel}","templated":true}]}}